{"id":2051,"date":"2023-01-20T09:02:05","date_gmt":"2023-01-20T08:02:05","guid":{"rendered":"https:\/\/fewo-roesslewald.de\/?page_id=2051"},"modified":"2024-06-30T20:02:08","modified_gmt":"2024-06-30T18:02:08","slug":"links","status":"publish","type":"page","link":"https:\/\/fewo-roesslewald.de\/en\/links\/","title":{"rendered":"Links"},"content":{"rendered":"<div data-elementor-type=\"wp-page\" data-elementor-id=\"2051\" class=\"elementor elementor-2051\">\n\t\t\t\t\t\t<section class=\"elementor-section elementor-top-section elementor-element elementor-element-2b15555 elementor-section-boxed elementor-section-height-default elementor-section-height-default\" data-id=\"2b15555\" data-element_type=\"section\" data-e-type=\"section\">\n\t\t\t\t\t\t<div class=\"elementor-container elementor-column-gap-default\">\n\t\t\t\t\t<div class=\"elementor-column elementor-col-100 elementor-top-column elementor-element elementor-element-b1070ac\" data-id=\"b1070ac\" data-element_type=\"column\" data-e-type=\"column\">\n\t\t\t<div class=\"elementor-widget-wrap elementor-element-populated\">\n\t\t\t\t\t\t<div class=\"elementor-element elementor-element-dcbcbe4 elementor-widget elementor-widget-text-editor\" data-id=\"dcbcbe4\" data-element_type=\"widget\" data-e-type=\"widget\" data-widget_type=\"text-editor.default\">\n\t\t\t\t<div class=\"elementor-widget-container\">\n\t\t\t\t\t\t\t\t\t<p>Diese Seite enth\u00e4lt Links zu externen Webseiten, die nicht in der Verantwortung des Websitebetreibers liegen. Falls sie diesen Links folgen wollen, weisen wir darauf hin, dass diese Seiten ihre eigenen Datenschutzrichtlinien haben und wir f\u00fcr diese Richtlinien keine Verantwortung oder Haftung \u00fcbernehmen. Bitte \u00fcberpr\u00fcfen sie diese Datenschutzrichtlinien, bevor sie freiwillig personenbezogene Daten an diese Webseiten \u00fcbergeben.<\/p><p>Erst beim Klicken auf diese Links, werden Daten zum Linkziel \u00fcbertragen.<\/p>\t\t\t\t\t\t\t\t<\/div>\n\t\t\t\t<\/div>\n\t\t\t\t\t<\/div>\n\t\t<\/div>\n\t\t\t\t\t<\/div>\n\t\t<\/section>\n\t\t\t\t<section class=\"elementor-section elementor-top-section elementor-element elementor-element-0c9a1f5 elementor-section-boxed elementor-section-height-default elementor-section-height-default\" data-id=\"0c9a1f5\" data-element_type=\"section\" data-e-type=\"section\">\n\t\t\t\t\t\t<div class=\"elementor-container elementor-column-gap-default\">\n\t\t\t\t\t<div class=\"elementor-column elementor-col-50 elementor-top-column elementor-element elementor-element-99c0f5e\" data-id=\"99c0f5e\" data-element_type=\"column\" data-e-type=\"column\">\n\t\t\t<div class=\"elementor-widget-wrap elementor-element-populated\">\n\t\t\t\t\t\t<div class=\"elementor-element elementor-element-e9784d2 elementor-widget elementor-widget-image\" data-id=\"e9784d2\" data-element_type=\"widget\" data-e-type=\"widget\" data-widget_type=\"image.default\">\n\t\t\t\t<div class=\"elementor-widget-container\">\n\t\t\t\t\t\t\t\t\t\t\t\t\t\t\t<img fetchpriority=\"high\" decoding=\"async\" width=\"400\" height=\"250\" src=\"https:\/\/fewo-roesslewald.de\/wp-content\/uploads\/2023\/01\/Logo_Kunze-Ritter-GmbH_.jpg\" class=\"attachment-full size-full wp-image-2062\" alt=\"Logo Kunze &amp; Ritter GmbH\" srcset=\"https:\/\/fewo-roesslewald.de\/wp-content\/uploads\/2023\/01\/Logo_Kunze-Ritter-GmbH_.jpg 400w, https:\/\/fewo-roesslewald.de\/wp-content\/uploads\/2023\/01\/Logo_Kunze-Ritter-GmbH_-300x188.jpg 300w, https:\/\/fewo-roesslewald.de\/wp-content\/uploads\/2023\/01\/Logo_Kunze-Ritter-GmbH_-18x12.jpg 18w\" sizes=\"(max-width: 400px) 100vw, 400px\" \/>\t\t\t\t\t\t\t\t\t\t\t\t\t\t\t<\/div>\n\t\t\t\t<\/div>\n\t\t\t\t\t<\/div>\n\t\t<\/div>\n\t\t\t\t<div class=\"elementor-column elementor-col-50 elementor-top-column elementor-element elementor-element-5065b22\" data-id=\"5065b22\" data-element_type=\"column\" data-e-type=\"column\">\n\t\t\t<div class=\"elementor-widget-wrap elementor-element-populated\">\n\t\t\t\t\t\t<div class=\"elementor-element elementor-element-abe2cd6 elementor-widget elementor-widget-text-editor\" data-id=\"abe2cd6\" data-element_type=\"widget\" data-e-type=\"widget\" data-widget_type=\"text-editor.default\">\n\t\t\t\t<div class=\"elementor-widget-container\">\n\t\t\t\t\t\t\t\t\t<p><strong>Kunze &amp; Ritter GmbH<\/strong><br>Christaweg 44<br>79114 Freiburg<\/p>\n<p>Website: <a href=\"https:\/\/kunze-ritter.com\/\" target=\"_blank\" rel=\"noopener\">https:\/\/kunze-ritter.com\/<\/a><\/p>\n<p>(Die Gastgeberin Frau Krupka-Straub leitet in diesem Unternehmen die Abteilungen Verwaltung &amp; Lager)<\/p>\t\t\t\t\t\t\t\t<\/div>\n\t\t\t\t<\/div>\n\t\t\t\t\t<\/div>\n\t\t<\/div>\n\t\t\t\t\t<\/div>\n\t\t<\/section>\n\t\t\t\t<section class=\"elementor-section elementor-top-section elementor-element elementor-element-5d573ba elementor-section-boxed elementor-section-height-default elementor-section-height-default\" data-id=\"5d573ba\" data-element_type=\"section\" data-e-type=\"section\">\n\t\t\t\t\t\t<div class=\"elementor-container elementor-column-gap-default\">\n\t\t\t\t\t<div class=\"elementor-column elementor-col-100 elementor-top-column elementor-element elementor-element-44c5f93\" data-id=\"44c5f93\" data-element_type=\"column\" data-e-type=\"column\">\n\t\t\t<div class=\"elementor-widget-wrap\">\n\t\t\t\t\t\t\t<\/div>\n\t\t<\/div>\n\t\t\t\t\t<\/div>\n\t\t<\/section>\n\t\t\t\t<\/div>","protected":false},"excerpt":{"rendered":"<p>Diese Seite enth\u00e4lt Links zu externen Webseiten, die nicht in der Verantwortung des Websitebetreibers liegen. Falls sie diesen Links folgen wollen, weisen wir darauf hin, dass diese Seiten ihre eigenen Datenschutzrichtlinien haben und wir f\u00fcr diese Richtlinien keine Verantwortung oder Haftung \u00fcbernehmen. Bitte \u00fcberpr\u00fcfen sie diese Datenschutzrichtlinien, bevor sie freiwillig personenbezogene Daten an diese Webseiten [&hellip;]<\/p>\n","protected":false},"author":1,"featured_media":1122,"parent":0,"menu_order":0,"comment_status":"closed","ping_status":"closed","template":"","meta":{"om_disable_all_campaigns":false,"_monsterinsights_skip_tracking":false,"_monsterinsights_sitenote_active":false,"_monsterinsights_sitenote_note":"","_monsterinsights_sitenote_category":0,"footnotes":""},"class_list":["post-2051","page","type-page","status-publish","has-post-thumbnail","hentry"],"yoast_head":"<!-- This site is optimized with the Yoast SEO plugin v27.5 - https:\/\/yoast.com\/product\/yoast-seo-wordpress\/ -->\n<title>Ferienhaus am R\u00f6sslewald in Hinterzarten - Links<\/title>\n<meta name=\"description\" content=\"Diese Seite enth\u00e4lt Links zu externen Webseiten. Ein externer Link ist ein Verweis auf eine andere Webseite.\" \/>\n<meta name=\"robots\" content=\"index, follow, max-snippet:-1, max-image-preview:large, max-video-preview:-1\" \/>\n<link rel=\"canonical\" href=\"https:\/\/fewo-roesslewald.de\/en\/links\/\" \/>\n<meta property=\"og:locale\" content=\"en_US\" \/>\n<meta property=\"og:type\" content=\"article\" \/>\n<meta property=\"og:title\" content=\"Ferienhaus am R\u00f6sslewald in Hinterzarten - Links\" \/>\n<meta property=\"og:description\" content=\"Diese Seite enth\u00e4lt Links zu externen Webseiten. Ein externer Link ist ein Verweis auf eine andere Webseite.\" \/>\n<meta property=\"og:url\" content=\"https:\/\/fewo-roesslewald.de\/en\/links\/\" \/>\n<meta property=\"og:site_name\" content=\"Ferienhaus am R\u00f6sslewald\" \/>\n<meta property=\"article:publisher\" content=\"https:\/\/www.facebook.com\/FerienhausamRoesslewald\/\" \/>\n<meta property=\"article:modified_time\" content=\"2024-06-30T18:02:08+00:00\" \/>\n<meta property=\"og:image\" content=\"https:\/\/fewo-roesslewald.de\/wp-content\/uploads\/2022\/09\/cropped-Favicon.png\" \/>\n\t<meta property=\"og:image:width\" content=\"512\" \/>\n\t<meta property=\"og:image:height\" content=\"512\" \/>\n\t<meta property=\"og:image:type\" content=\"image\/png\" \/>\n<meta name=\"twitter:card\" content=\"summary_large_image\" \/>\n<meta name=\"twitter:label1\" content=\"Est. reading time\" \/>\n\t<meta name=\"twitter:data1\" content=\"1 minute\" \/>\n<script type=\"application\/ld+json\" class=\"yoast-schema-graph\">{\"@context\":\"https:\\\/\\\/schema.org\",\"@graph\":[{\"@type\":\"WebPage\",\"@id\":\"https:\\\/\\\/fewo-roesslewald.de\\\/links\\\/\",\"url\":\"https:\\\/\\\/fewo-roesslewald.de\\\/links\\\/\",\"name\":\"Ferienhaus am R\u00f6sslewald in Hinterzarten - Links\",\"isPartOf\":{\"@id\":\"https:\\\/\\\/fewo-roesslewald.de\\\/#website\"},\"primaryImageOfPage\":{\"@id\":\"https:\\\/\\\/fewo-roesslewald.de\\\/links\\\/#primaryimage\"},\"image\":{\"@id\":\"https:\\\/\\\/fewo-roesslewald.de\\\/links\\\/#primaryimage\"},\"thumbnailUrl\":\"https:\\\/\\\/fewo-roesslewald.de\\\/wp-content\\\/uploads\\\/2022\\\/09\\\/cropped-Favicon.png\",\"datePublished\":\"2023-01-20T08:02:05+00:00\",\"dateModified\":\"2024-06-30T18:02:08+00:00\",\"description\":\"Diese Seite enth\u00e4lt Links zu externen Webseiten. Ein externer Link ist ein Verweis auf eine andere Webseite.\",\"breadcrumb\":{\"@id\":\"https:\\\/\\\/fewo-roesslewald.de\\\/links\\\/#breadcrumb\"},\"inLanguage\":\"en-US\",\"potentialAction\":[{\"@type\":\"ReadAction\",\"target\":[\"https:\\\/\\\/fewo-roesslewald.de\\\/links\\\/\"]}]},{\"@type\":\"ImageObject\",\"inLanguage\":\"en-US\",\"@id\":\"https:\\\/\\\/fewo-roesslewald.de\\\/links\\\/#primaryimage\",\"url\":\"https:\\\/\\\/fewo-roesslewald.de\\\/wp-content\\\/uploads\\\/2022\\\/09\\\/cropped-Favicon.png\",\"contentUrl\":\"https:\\\/\\\/fewo-roesslewald.de\\\/wp-content\\\/uploads\\\/2022\\\/09\\\/cropped-Favicon.png\",\"width\":512,\"height\":512,\"caption\":\"Ferienhaus am R\u00f6sslewald in Hinterzarten\"},{\"@type\":\"BreadcrumbList\",\"@id\":\"https:\\\/\\\/fewo-roesslewald.de\\\/links\\\/#breadcrumb\",\"itemListElement\":[{\"@type\":\"ListItem\",\"position\":1,\"name\":\"Startseite\",\"item\":\"https:\\\/\\\/fewo-roesslewald.de\\\/\"},{\"@type\":\"ListItem\",\"position\":2,\"name\":\"Links\"}]},{\"@type\":\"WebSite\",\"@id\":\"https:\\\/\\\/fewo-roesslewald.de\\\/#website\",\"url\":\"https:\\\/\\\/fewo-roesslewald.de\\\/\",\"name\":\"Ferienhaus am R\u00f6sslewald in Hinterzarten\",\"description\":\"Urlaub im Schwarzwald\",\"publisher\":{\"@id\":\"https:\\\/\\\/fewo-roesslewald.de\\\/#organization\"},\"potentialAction\":[{\"@type\":\"SearchAction\",\"target\":{\"@type\":\"EntryPoint\",\"urlTemplate\":\"https:\\\/\\\/fewo-roesslewald.de\\\/?s={search_term_string}\"},\"query-input\":{\"@type\":\"PropertyValueSpecification\",\"valueRequired\":true,\"valueName\":\"search_term_string\"}}],\"inLanguage\":\"en-US\"},{\"@type\":\"Organization\",\"@id\":\"https:\\\/\\\/fewo-roesslewald.de\\\/#organization\",\"name\":\"Ferienhaus am R\u00f6sslewald\",\"url\":\"https:\\\/\\\/fewo-roesslewald.de\\\/\",\"logo\":{\"@type\":\"ImageObject\",\"inLanguage\":\"en-US\",\"@id\":\"https:\\\/\\\/fewo-roesslewald.de\\\/#\\\/schema\\\/logo\\\/image\\\/\",\"url\":\"https:\\\/\\\/fewo-roesslewald.de\\\/wp-content\\\/uploads\\\/2022\\\/09\\\/cropped-Favicon.png\",\"contentUrl\":\"https:\\\/\\\/fewo-roesslewald.de\\\/wp-content\\\/uploads\\\/2022\\\/09\\\/cropped-Favicon.png\",\"width\":512,\"height\":512,\"caption\":\"Ferienhaus am R\u00f6sslewald\"},\"image\":{\"@id\":\"https:\\\/\\\/fewo-roesslewald.de\\\/#\\\/schema\\\/logo\\\/image\\\/\"},\"sameAs\":[\"https:\\\/\\\/www.facebook.com\\\/FerienhausamRoesslewald\\\/\",\"https:\\\/\\\/www.instagram.com\\\/ferienhausamroesslewald\\\/\"]}]}<\/script>\n<!-- \/ Yoast SEO plugin. -->","yoast_head_json":{"title":"Ferienhaus am R\u00f6sslewald in Hinterzarten - Links","description":"Diese Seite enth\u00e4lt Links zu externen Webseiten. Ein externer Link ist ein Verweis auf eine andere Webseite.","robots":{"index":"index","follow":"follow","max-snippet":"max-snippet:-1","max-image-preview":"max-image-preview:large","max-video-preview":"max-video-preview:-1"},"canonical":"https:\/\/fewo-roesslewald.de\/en\/links\/","og_locale":"en_US","og_type":"article","og_title":"Ferienhaus am R\u00f6sslewald in Hinterzarten - Links","og_description":"Diese Seite enth\u00e4lt Links zu externen Webseiten. Ein externer Link ist ein Verweis auf eine andere Webseite.","og_url":"https:\/\/fewo-roesslewald.de\/en\/links\/","og_site_name":"Ferienhaus am R\u00f6sslewald","article_publisher":"https:\/\/www.facebook.com\/FerienhausamRoesslewald\/","article_modified_time":"2024-06-30T18:02:08+00:00","og_image":[{"width":512,"height":512,"url":"https:\/\/fewo-roesslewald.de\/wp-content\/uploads\/2022\/09\/cropped-Favicon.png","type":"image\/png"}],"twitter_card":"summary_large_image","twitter_misc":{"Est. reading time":"1 minute"},"schema":{"@context":"https:\/\/schema.org","@graph":[{"@type":"WebPage","@id":"https:\/\/fewo-roesslewald.de\/links\/","url":"https:\/\/fewo-roesslewald.de\/links\/","name":"Ferienhaus am R\u00f6sslewald in Hinterzarten - Links","isPartOf":{"@id":"https:\/\/fewo-roesslewald.de\/#website"},"primaryImageOfPage":{"@id":"https:\/\/fewo-roesslewald.de\/links\/#primaryimage"},"image":{"@id":"https:\/\/fewo-roesslewald.de\/links\/#primaryimage"},"thumbnailUrl":"https:\/\/fewo-roesslewald.de\/wp-content\/uploads\/2022\/09\/cropped-Favicon.png","datePublished":"2023-01-20T08:02:05+00:00","dateModified":"2024-06-30T18:02:08+00:00","description":"Diese Seite enth\u00e4lt Links zu externen Webseiten. Ein externer Link ist ein Verweis auf eine andere Webseite.","breadcrumb":{"@id":"https:\/\/fewo-roesslewald.de\/links\/#breadcrumb"},"inLanguage":"en-US","potentialAction":[{"@type":"ReadAction","target":["https:\/\/fewo-roesslewald.de\/links\/"]}]},{"@type":"ImageObject","inLanguage":"en-US","@id":"https:\/\/fewo-roesslewald.de\/links\/#primaryimage","url":"https:\/\/fewo-roesslewald.de\/wp-content\/uploads\/2022\/09\/cropped-Favicon.png","contentUrl":"https:\/\/fewo-roesslewald.de\/wp-content\/uploads\/2022\/09\/cropped-Favicon.png","width":512,"height":512,"caption":"Ferienhaus am R\u00f6sslewald in Hinterzarten"},{"@type":"BreadcrumbList","@id":"https:\/\/fewo-roesslewald.de\/links\/#breadcrumb","itemListElement":[{"@type":"ListItem","position":1,"name":"Startseite","item":"https:\/\/fewo-roesslewald.de\/"},{"@type":"ListItem","position":2,"name":"Links"}]},{"@type":"WebSite","@id":"https:\/\/fewo-roesslewald.de\/#website","url":"https:\/\/fewo-roesslewald.de\/","name":"Vacation home at the R\u00f6sslewald in Hinterzarten","description":"Vacation in the Black Forest","publisher":{"@id":"https:\/\/fewo-roesslewald.de\/#organization"},"potentialAction":[{"@type":"SearchAction","target":{"@type":"EntryPoint","urlTemplate":"https:\/\/fewo-roesslewald.de\/?s={search_term_string}"},"query-input":{"@type":"PropertyValueSpecification","valueRequired":true,"valueName":"search_term_string"}}],"inLanguage":"en-US"},{"@type":"Organization","@id":"https:\/\/fewo-roesslewald.de\/#organization","name":"Vacation Home R\u00f6sslewald","url":"https:\/\/fewo-roesslewald.de\/","logo":{"@type":"ImageObject","inLanguage":"en-US","@id":"https:\/\/fewo-roesslewald.de\/#\/schema\/logo\/image\/","url":"https:\/\/fewo-roesslewald.de\/wp-content\/uploads\/2022\/09\/cropped-Favicon.png","contentUrl":"https:\/\/fewo-roesslewald.de\/wp-content\/uploads\/2022\/09\/cropped-Favicon.png","width":512,"height":512,"caption":"Ferienhaus am R\u00f6sslewald"},"image":{"@id":"https:\/\/fewo-roesslewald.de\/#\/schema\/logo\/image\/"},"sameAs":["https:\/\/www.facebook.com\/FerienhausamRoesslewald\/","https:\/\/www.instagram.com\/ferienhausamroesslewald\/"]}]}},"_links":{"self":[{"href":"https:\/\/fewo-roesslewald.de\/en\/wp-json\/wp\/v2\/pages\/2051","targetHints":{"allow":["GET"]}}],"collection":[{"href":"https:\/\/fewo-roesslewald.de\/en\/wp-json\/wp\/v2\/pages"}],"about":[{"href":"https:\/\/fewo-roesslewald.de\/en\/wp-json\/wp\/v2\/types\/page"}],"author":[{"embeddable":true,"href":"https:\/\/fewo-roesslewald.de\/en\/wp-json\/wp\/v2\/users\/1"}],"replies":[{"embeddable":true,"href":"https:\/\/fewo-roesslewald.de\/en\/wp-json\/wp\/v2\/comments?post=2051"}],"version-history":[{"count":0,"href":"https:\/\/fewo-roesslewald.de\/en\/wp-json\/wp\/v2\/pages\/2051\/revisions"}],"wp:featuredmedia":[{"embeddable":true,"href":"https:\/\/fewo-roesslewald.de\/en\/wp-json\/wp\/v2\/media\/1122"}],"wp:attachment":[{"href":"https:\/\/fewo-roesslewald.de\/en\/wp-json\/wp\/v2\/media?parent=2051"}],"curies":[{"name":"wp","href":"https:\/\/api.w.org\/{rel}","templated":true}]}}