{"id":1595,"date":"2022-11-17T16:50:08","date_gmt":"2022-11-17T15:50:08","guid":{"rendered":"http:\/\/s922726171.online.de\/?page_id=1595"},"modified":"2023-02-14T16:19:33","modified_gmt":"2023-02-14T15:19:33","slug":"blog","status":"publish","type":"page","link":"https:\/\/fewo-roesslewald.de\/en\/blog\/","title":{"rendered":"Blog | Ferienhaus am R\u00f6sslewald in Hinterzarten"},"content":{"rendered":"<div data-elementor-type=\"wp-page\" data-elementor-id=\"1595\" class=\"elementor elementor-1595\">\n\t\t\t\t\t\t<section class=\"elementor-section elementor-top-section elementor-element elementor-element-380bdd86 elementor-section-height-min-height elementor-section-items-stretch elementor-section-content-middle elementor-section-boxed elementor-section-height-default\" data-id=\"380bdd86\" data-element_type=\"section\" data-e-type=\"section\">\n\t\t\t\t\t\t<div class=\"elementor-container elementor-column-gap-no\">\n\t\t\t\t\t<div class=\"elementor-column elementor-col-100 elementor-top-column elementor-element elementor-element-437a667b\" data-id=\"437a667b\" data-element_type=\"column\" data-e-type=\"column\">\n\t\t\t<div class=\"elementor-widget-wrap elementor-element-populated\">\n\t\t\t\t\t\t<div class=\"elementor-element elementor-element-5cc09954 elementor-invisible elementor-widget elementor-widget-heading\" data-id=\"5cc09954\" data-element_type=\"widget\" data-e-type=\"widget\" data-settings=\"{&quot;_animation&quot;:&quot;fadeIn&quot;}\" data-widget_type=\"heading.default\">\n\t\t\t\t<div class=\"elementor-widget-container\">\n\t\t\t\t\t<h1 class=\"elementor-heading-title elementor-size-default\">Blog<\/h1>\t\t\t\t<\/div>\n\t\t\t\t<\/div>\n\t\t\t\t\t<\/div>\n\t\t<\/div>\n\t\t\t\t\t<\/div>\n\t\t<\/section>\n\t\t\t\t<section class=\"elementor-section elementor-top-section elementor-element elementor-element-176e72b elementor-section-boxed elementor-section-height-default elementor-section-height-default\" data-id=\"176e72b\" data-element_type=\"section\" data-e-type=\"section\">\n\t\t\t\t\t\t<div class=\"elementor-container elementor-column-gap-default\">\n\t\t\t\t\t<div class=\"elementor-column elementor-col-100 elementor-top-column elementor-element elementor-element-1e27764\" data-id=\"1e27764\" data-element_type=\"column\" data-e-type=\"column\">\n\t\t\t<div class=\"elementor-widget-wrap elementor-element-populated\">\n\t\t\t\t\t\t<div class=\"elementor-element elementor-element-070d7e0 elementor-widget elementor-widget-heading\" data-id=\"070d7e0\" data-element_type=\"widget\" data-e-type=\"widget\" data-widget_type=\"heading.default\">\n\t\t\t\t<div class=\"elementor-widget-container\">\n\t\t\t\t\t<h2 class=\"elementor-heading-title elementor-size-default\">Vacation home at the R\u00f6sslewald in Hinterzarten<\/h2>\t\t\t\t<\/div>\n\t\t\t\t<\/div>\n\t\t\t\t\t<\/div>\n\t\t<\/div>\n\t\t\t\t\t<\/div>\n\t\t<\/section>\n\t\t\t\t<section class=\"elementor-section elementor-top-section elementor-element elementor-element-56feb30 elementor-section-boxed elementor-section-height-default elementor-section-height-default\" data-id=\"56feb30\" data-element_type=\"section\" data-e-type=\"section\">\n\t\t\t\t\t\t<div class=\"elementor-container elementor-column-gap-default\">\n\t\t\t\t\t<div class=\"elementor-column elementor-col-33 elementor-top-column elementor-element elementor-element-d198e53 elementor-invisible\" data-id=\"d198e53\" data-element_type=\"column\" data-e-type=\"column\" data-settings=\"{&quot;animation&quot;:&quot;fadeIn&quot;}\">\n\t\t\t<div class=\"elementor-widget-wrap elementor-element-populated\">\n\t\t\t\t\t\t<div class=\"elementor-element elementor-element-6739421 elementor-widget elementor-widget-image\" data-id=\"6739421\" data-element_type=\"widget\" data-e-type=\"widget\" data-widget_type=\"image.default\">\n\t\t\t\t<div class=\"elementor-widget-container\">\n\t\t\t\t\t\t\t\t\t\t\t\t\t\t\t\t<a href=\"https:\/\/fewo-roesslewald.de\/en\/winteraktivitaeten-in-hinterzarten\/\">\n\t\t\t\t\t\t\t<img fetchpriority=\"high\" decoding=\"async\" width=\"500\" height=\"500\" src=\"https:\/\/fewo-roesslewald.de\/wp-content\/uploads\/2022\/11\/Blogbeitrag_5-Freizeitaktivitaeten-7-1.jpg\" class=\"attachment-full size-full wp-image-1599\" alt=\"Winteraktivit\u00e4ten in Hinterzarten\" srcset=\"https:\/\/fewo-roesslewald.de\/wp-content\/uploads\/2022\/11\/Blogbeitrag_5-Freizeitaktivitaeten-7-1.jpg 500w, https:\/\/fewo-roesslewald.de\/wp-content\/uploads\/2022\/11\/Blogbeitrag_5-Freizeitaktivitaeten-7-1-300x300.jpg 300w, https:\/\/fewo-roesslewald.de\/wp-content\/uploads\/2022\/11\/Blogbeitrag_5-Freizeitaktivitaeten-7-1-150x150.jpg 150w, https:\/\/fewo-roesslewald.de\/wp-content\/uploads\/2022\/11\/Blogbeitrag_5-Freizeitaktivitaeten-7-1-12x12.jpg 12w\" sizes=\"(max-width: 500px) 100vw, 500px\" \/>\t\t\t\t\t\t\t\t<\/a>\n\t\t\t\t\t\t\t\t\t\t\t\t\t\t\t<\/div>\n\t\t\t\t<\/div>\n\t\t\t\t<div class=\"elementor-element elementor-element-e835196 elementor-widget elementor-widget-heading\" data-id=\"e835196\" data-element_type=\"widget\" data-e-type=\"widget\" data-widget_type=\"heading.default\">\n\t\t\t\t<div class=\"elementor-widget-container\">\n\t\t\t\t\t<h2 class=\"elementor-heading-title elementor-size-default\">5 winter activities around Hinterzarten that will make your heart beat faster<\/h2>\t\t\t\t<\/div>\n\t\t\t\t<\/div>\n\t\t\t\t<div class=\"elementor-element elementor-element-fe3772f elementor-widget elementor-widget-text-editor\" data-id=\"fe3772f\" data-element_type=\"widget\" data-e-type=\"widget\" data-widget_type=\"text-editor.default\">\n\t\t\t\t<div class=\"elementor-widget-container\">\n\t\t\t\t\t\t\t\t\t<p>In this blog article we will give you tips for unique and unforgettable winter activities in Hinterzarten in the Black Forest.<\/p>\t\t\t\t\t\t\t\t<\/div>\n\t\t\t\t<\/div>\n\t\t\t\t<div class=\"elementor-element elementor-element-f08995b elementor-align-left elementor-invisible elementor-widget elementor-widget-button\" data-id=\"f08995b\" data-element_type=\"widget\" data-e-type=\"widget\" data-settings=\"{&quot;_animation&quot;:&quot;fadeIn&quot;,&quot;_animation_delay&quot;:3}\" data-widget_type=\"button.default\">\n\t\t\t\t<div class=\"elementor-widget-container\">\n\t\t\t\t\t\t\t\t\t<div class=\"elementor-button-wrapper\">\n\t\t\t\t\t<a class=\"elementor-button elementor-button-link elementor-size-sm elementor-animation-grow\" href=\"https:\/\/fewo-roesslewald.de\/en\/winteraktivitaeten-in-hinterzarten\/\">\n\t\t\t\t\t\t<span class=\"elementor-button-content-wrapper\">\n\t\t\t\t\t\t\t\t\t<span class=\"elementor-button-text\">Read more<\/span>\n\t\t\t\t\t<\/span>\n\t\t\t\t\t<\/a>\n\t\t\t\t<\/div>\n\t\t\t\t\t\t\t\t<\/div>\n\t\t\t\t<\/div>\n\t\t\t\t\t<\/div>\n\t\t<\/div>\n\t\t\t\t<div class=\"elementor-column elementor-col-33 elementor-top-column elementor-element elementor-element-ff5a9bf elementor-invisible\" data-id=\"ff5a9bf\" data-element_type=\"column\" data-e-type=\"column\" data-settings=\"{&quot;animation&quot;:&quot;fadeIn&quot;,&quot;background_background&quot;:&quot;classic&quot;}\">\n\t\t\t<div class=\"elementor-widget-wrap elementor-element-populated\">\n\t\t\t\t\t\t<div class=\"elementor-element elementor-element-01d4a5b elementor-widget elementor-widget-image\" data-id=\"01d4a5b\" data-element_type=\"widget\" data-e-type=\"widget\" data-widget_type=\"image.default\">\n\t\t\t\t<div class=\"elementor-widget-container\">\n\t\t\t\t\t\t\t\t\t\t\t\t\t\t\t\t<a href=\"https:\/\/fewo-roesslewald.de\/en\/unsere-insider-tipps-fuer-fasnacht\/\">\n\t\t\t\t\t\t\t<img decoding=\"async\" width=\"500\" height=\"500\" src=\"https:\/\/fewo-roesslewald.de\/wp-content\/uploads\/2023\/02\/20221117_Kachel-2.jpg\" class=\"attachment-full size-full wp-image-2109\" alt=\"Fasnacht im Schwarzwald\" srcset=\"https:\/\/fewo-roesslewald.de\/wp-content\/uploads\/2023\/02\/20221117_Kachel-2.jpg 500w, https:\/\/fewo-roesslewald.de\/wp-content\/uploads\/2023\/02\/20221117_Kachel-2-300x300.jpg 300w, https:\/\/fewo-roesslewald.de\/wp-content\/uploads\/2023\/02\/20221117_Kachel-2-150x150.jpg 150w, https:\/\/fewo-roesslewald.de\/wp-content\/uploads\/2023\/02\/20221117_Kachel-2-12x12.jpg 12w\" sizes=\"(max-width: 500px) 100vw, 500px\" \/>\t\t\t\t\t\t\t\t<\/a>\n\t\t\t\t\t\t\t\t\t\t\t\t\t\t\t<\/div>\n\t\t\t\t<\/div>\n\t\t\t\t<div class=\"elementor-element elementor-element-d2e1da5 elementor-widget elementor-widget-heading\" data-id=\"d2e1da5\" data-element_type=\"widget\" data-e-type=\"widget\" data-widget_type=\"heading.default\">\n\t\t\t\t<div class=\"elementor-widget-container\">\n\t\t\t\t\t<h2 class=\"elementor-heading-title elementor-size-default\">Unsere Insider-Tipps f\u00fcr das beste Fasnachtserlebnis im Schwarzwald!<\/h2>\t\t\t\t<\/div>\n\t\t\t\t<\/div>\n\t\t\t\t<div class=\"elementor-element elementor-element-5bd12a4 elementor-widget elementor-widget-text-editor\" data-id=\"5bd12a4\" data-element_type=\"widget\" data-e-type=\"widget\" data-widget_type=\"text-editor.default\">\n\t\t\t\t<div class=\"elementor-widget-container\">\n\t\t\t\t\t\t\t\t\t<p>In this blog article we will give you tips for unique and unforgettable winter activities in Hinterzarten in the Black Forest.<\/p>\t\t\t\t\t\t\t\t<\/div>\n\t\t\t\t<\/div>\n\t\t\t\t<div class=\"elementor-element elementor-element-15f386a elementor-align-left elementor-invisible elementor-widget elementor-widget-button\" data-id=\"15f386a\" data-element_type=\"widget\" data-e-type=\"widget\" data-settings=\"{&quot;_animation&quot;:&quot;fadeIn&quot;,&quot;_animation_delay&quot;:3}\" data-widget_type=\"button.default\">\n\t\t\t\t<div class=\"elementor-widget-container\">\n\t\t\t\t\t\t\t\t\t<div class=\"elementor-button-wrapper\">\n\t\t\t\t\t<a class=\"elementor-button elementor-button-link elementor-size-sm elementor-animation-grow\" href=\"https:\/\/fewo-roesslewald.de\/en\/unsere-insider-tipps-fuer-fasnacht\/\">\n\t\t\t\t\t\t<span class=\"elementor-button-content-wrapper\">\n\t\t\t\t\t\t\t\t\t<span class=\"elementor-button-text\">Read more<\/span>\n\t\t\t\t\t<\/span>\n\t\t\t\t\t<\/a>\n\t\t\t\t<\/div>\n\t\t\t\t\t\t\t\t<\/div>\n\t\t\t\t<\/div>\n\t\t\t\t\t<\/div>\n\t\t<\/div>\n\t\t\t\t<div class=\"elementor-column elementor-col-33 elementor-top-column elementor-element elementor-element-1166ac5\" data-id=\"1166ac5\" data-element_type=\"column\" data-e-type=\"column\">\n\t\t\t<div class=\"elementor-widget-wrap\">\n\t\t\t\t\t\t\t<\/div>\n\t\t<\/div>\n\t\t\t\t\t<\/div>\n\t\t<\/section>\n\t\t\t\t<\/div>","protected":false},"excerpt":{"rendered":"<p>Blog Ferienhaus am R\u00f6sslewald in Hinterzarten 5 Winteraktivit\u00e4ten rund um Hinterzarten, die Ihr Herz h\u00f6herschlagen lassen In diesem Blogartikel geben wir Ihnen Tipps f\u00fcr einzigartige und unvergessliche Winteraktivit\u00e4ten in Hinterzarten im Schwarzwald. Jetzt lesen Unsere Insider-Tipps f\u00fcr das beste Fasnachtserlebnis im Schwarzwald! In diesem Blogartikel geben wir Ihnen Tipps f\u00fcr einzigartige und unvergessliche Winteraktivit\u00e4ten in [&hellip;]<\/p>\n","protected":false},"author":1,"featured_media":1560,"parent":0,"menu_order":0,"comment_status":"closed","ping_status":"closed","template":"","meta":{"om_disable_all_campaigns":false,"_monsterinsights_skip_tracking":false,"_monsterinsights_sitenote_active":false,"_monsterinsights_sitenote_note":"","_monsterinsights_sitenote_category":0,"footnotes":""},"class_list":["post-1595","page","type-page","status-publish","has-post-thumbnail","hentry"],"yoast_head":"<!-- This site is optimized with the Yoast SEO plugin v27.5 - https:\/\/yoast.com\/product\/yoast-seo-wordpress\/ -->\n<title>Ferienhaus am R\u00f6sslewald - Urlaub im Schwarzwald<\/title>\n<meta name=\"description\" content=\"\u2714 Urlaub im Schwarzwald \u2714 Ferienwohnung f\u00fcr bis zu 6 Personen \u2714 Ferienwohnung f\u00fcr bis zu 4 Personen \u2714 Ferienwohnung Schwarzwald \u2714 Blog\" \/>\n<meta name=\"robots\" content=\"index, follow, max-snippet:-1, max-image-preview:large, max-video-preview:-1\" \/>\n<link rel=\"canonical\" href=\"https:\/\/fewo-roesslewald.de\/en\/blog\/\" \/>\n<meta property=\"og:locale\" content=\"en_US\" \/>\n<meta property=\"og:type\" content=\"article\" \/>\n<meta property=\"og:title\" content=\"Ferienhaus am R\u00f6sslewald - Urlaub im Schwarzwald\" \/>\n<meta property=\"og:description\" content=\"\u2714 Urlaub im Schwarzwald \u2714 Ferienwohnung f\u00fcr bis zu 6 Personen \u2714 Ferienwohnung f\u00fcr bis zu 4 Personen \u2714 Ferienwohnung Schwarzwald \u2714 Blog\" \/>\n<meta property=\"og:url\" content=\"https:\/\/fewo-roesslewald.de\/en\/blog\/\" \/>\n<meta property=\"og:site_name\" content=\"Ferienhaus am R\u00f6sslewald\" \/>\n<meta property=\"article:publisher\" content=\"https:\/\/www.facebook.com\/FerienhausamRoesslewald\/\" \/>\n<meta property=\"article:modified_time\" content=\"2023-02-14T15:19:33+00:00\" \/>\n<meta property=\"og:image\" content=\"https:\/\/fewo-roesslewald.de\/wp-content\/uploads\/2022\/11\/Blogbeitrag_5-Freizeitaktivitaeten.jpg\" \/>\n\t<meta property=\"og:image:width\" content=\"1600\" \/>\n\t<meta property=\"og:image:height\" content=\"600\" \/>\n\t<meta property=\"og:image:type\" content=\"image\/jpeg\" \/>\n<meta name=\"twitter:card\" content=\"summary_large_image\" \/>\n<meta name=\"twitter:label1\" content=\"Est. reading time\" \/>\n\t<meta name=\"twitter:data1\" content=\"1 minute\" \/>\n<script type=\"application\/ld+json\" class=\"yoast-schema-graph\">{\"@context\":\"https:\\\/\\\/schema.org\",\"@graph\":[{\"@type\":\"WebPage\",\"@id\":\"https:\\\/\\\/fewo-roesslewald.de\\\/blog\\\/\",\"url\":\"https:\\\/\\\/fewo-roesslewald.de\\\/blog\\\/\",\"name\":\"Ferienhaus am R\u00f6sslewald - Urlaub im Schwarzwald\",\"isPartOf\":{\"@id\":\"https:\\\/\\\/fewo-roesslewald.de\\\/#website\"},\"primaryImageOfPage\":{\"@id\":\"https:\\\/\\\/fewo-roesslewald.de\\\/blog\\\/#primaryimage\"},\"image\":{\"@id\":\"https:\\\/\\\/fewo-roesslewald.de\\\/blog\\\/#primaryimage\"},\"thumbnailUrl\":\"https:\\\/\\\/fewo-roesslewald.de\\\/wp-content\\\/uploads\\\/2022\\\/11\\\/Blogbeitrag_5-Freizeitaktivitaeten.jpg\",\"datePublished\":\"2022-11-17T15:50:08+00:00\",\"dateModified\":\"2023-02-14T15:19:33+00:00\",\"description\":\"\u2714 Urlaub im Schwarzwald \u2714 Ferienwohnung f\u00fcr bis zu 6 Personen \u2714 Ferienwohnung f\u00fcr bis zu 4 Personen \u2714 Ferienwohnung Schwarzwald \u2714 Blog\",\"breadcrumb\":{\"@id\":\"https:\\\/\\\/fewo-roesslewald.de\\\/blog\\\/#breadcrumb\"},\"inLanguage\":\"en-US\",\"potentialAction\":[{\"@type\":\"ReadAction\",\"target\":[\"https:\\\/\\\/fewo-roesslewald.de\\\/blog\\\/\"]}]},{\"@type\":\"ImageObject\",\"inLanguage\":\"en-US\",\"@id\":\"https:\\\/\\\/fewo-roesslewald.de\\\/blog\\\/#primaryimage\",\"url\":\"https:\\\/\\\/fewo-roesslewald.de\\\/wp-content\\\/uploads\\\/2022\\\/11\\\/Blogbeitrag_5-Freizeitaktivitaeten.jpg\",\"contentUrl\":\"https:\\\/\\\/fewo-roesslewald.de\\\/wp-content\\\/uploads\\\/2022\\\/11\\\/Blogbeitrag_5-Freizeitaktivitaeten.jpg\",\"width\":1600,\"height\":600,\"caption\":\"Winteraktivit\u00e4ten in Hinterzarten\"},{\"@type\":\"BreadcrumbList\",\"@id\":\"https:\\\/\\\/fewo-roesslewald.de\\\/blog\\\/#breadcrumb\",\"itemListElement\":[{\"@type\":\"ListItem\",\"position\":1,\"name\":\"Startseite\",\"item\":\"https:\\\/\\\/fewo-roesslewald.de\\\/\"},{\"@type\":\"ListItem\",\"position\":2,\"name\":\"Blog | Ferienhaus am R\u00f6sslewald in Hinterzarten\"}]},{\"@type\":\"WebSite\",\"@id\":\"https:\\\/\\\/fewo-roesslewald.de\\\/#website\",\"url\":\"https:\\\/\\\/fewo-roesslewald.de\\\/\",\"name\":\"Ferienhaus am R\u00f6sslewald in Hinterzarten\",\"description\":\"Urlaub im Schwarzwald\",\"publisher\":{\"@id\":\"https:\\\/\\\/fewo-roesslewald.de\\\/#organization\"},\"potentialAction\":[{\"@type\":\"SearchAction\",\"target\":{\"@type\":\"EntryPoint\",\"urlTemplate\":\"https:\\\/\\\/fewo-roesslewald.de\\\/?s={search_term_string}\"},\"query-input\":{\"@type\":\"PropertyValueSpecification\",\"valueRequired\":true,\"valueName\":\"search_term_string\"}}],\"inLanguage\":\"en-US\"},{\"@type\":\"Organization\",\"@id\":\"https:\\\/\\\/fewo-roesslewald.de\\\/#organization\",\"name\":\"Ferienhaus am R\u00f6sslewald\",\"url\":\"https:\\\/\\\/fewo-roesslewald.de\\\/\",\"logo\":{\"@type\":\"ImageObject\",\"inLanguage\":\"en-US\",\"@id\":\"https:\\\/\\\/fewo-roesslewald.de\\\/#\\\/schema\\\/logo\\\/image\\\/\",\"url\":\"https:\\\/\\\/fewo-roesslewald.de\\\/wp-content\\\/uploads\\\/2022\\\/09\\\/cropped-Favicon.png\",\"contentUrl\":\"https:\\\/\\\/fewo-roesslewald.de\\\/wp-content\\\/uploads\\\/2022\\\/09\\\/cropped-Favicon.png\",\"width\":512,\"height\":512,\"caption\":\"Ferienhaus am R\u00f6sslewald\"},\"image\":{\"@id\":\"https:\\\/\\\/fewo-roesslewald.de\\\/#\\\/schema\\\/logo\\\/image\\\/\"},\"sameAs\":[\"https:\\\/\\\/www.facebook.com\\\/FerienhausamRoesslewald\\\/\",\"https:\\\/\\\/www.instagram.com\\\/ferienhausamroesslewald\\\/\"]}]}<\/script>\n<!-- \/ Yoast SEO plugin. -->","yoast_head_json":{"title":"Ferienhaus am R\u00f6sslewald - Urlaub im Schwarzwald","description":"\u2714 Urlaub im Schwarzwald \u2714 Ferienwohnung f\u00fcr bis zu 6 Personen \u2714 Ferienwohnung f\u00fcr bis zu 4 Personen \u2714 Ferienwohnung Schwarzwald \u2714 Blog","robots":{"index":"index","follow":"follow","max-snippet":"max-snippet:-1","max-image-preview":"max-image-preview:large","max-video-preview":"max-video-preview:-1"},"canonical":"https:\/\/fewo-roesslewald.de\/en\/blog\/","og_locale":"en_US","og_type":"article","og_title":"Ferienhaus am R\u00f6sslewald - Urlaub im Schwarzwald","og_description":"\u2714 Urlaub im Schwarzwald \u2714 Ferienwohnung f\u00fcr bis zu 6 Personen \u2714 Ferienwohnung f\u00fcr bis zu 4 Personen \u2714 Ferienwohnung Schwarzwald \u2714 Blog","og_url":"https:\/\/fewo-roesslewald.de\/en\/blog\/","og_site_name":"Ferienhaus am R\u00f6sslewald","article_publisher":"https:\/\/www.facebook.com\/FerienhausamRoesslewald\/","article_modified_time":"2023-02-14T15:19:33+00:00","og_image":[{"width":1600,"height":600,"url":"https:\/\/fewo-roesslewald.de\/wp-content\/uploads\/2022\/11\/Blogbeitrag_5-Freizeitaktivitaeten.jpg","type":"image\/jpeg"}],"twitter_card":"summary_large_image","twitter_misc":{"Est. reading time":"1 minute"},"schema":{"@context":"https:\/\/schema.org","@graph":[{"@type":"WebPage","@id":"https:\/\/fewo-roesslewald.de\/blog\/","url":"https:\/\/fewo-roesslewald.de\/blog\/","name":"Ferienhaus am R\u00f6sslewald - Urlaub im Schwarzwald","isPartOf":{"@id":"https:\/\/fewo-roesslewald.de\/#website"},"primaryImageOfPage":{"@id":"https:\/\/fewo-roesslewald.de\/blog\/#primaryimage"},"image":{"@id":"https:\/\/fewo-roesslewald.de\/blog\/#primaryimage"},"thumbnailUrl":"https:\/\/fewo-roesslewald.de\/wp-content\/uploads\/2022\/11\/Blogbeitrag_5-Freizeitaktivitaeten.jpg","datePublished":"2022-11-17T15:50:08+00:00","dateModified":"2023-02-14T15:19:33+00:00","description":"\u2714 Urlaub im Schwarzwald \u2714 Ferienwohnung f\u00fcr bis zu 6 Personen \u2714 Ferienwohnung f\u00fcr bis zu 4 Personen \u2714 Ferienwohnung Schwarzwald \u2714 Blog","breadcrumb":{"@id":"https:\/\/fewo-roesslewald.de\/blog\/#breadcrumb"},"inLanguage":"en-US","potentialAction":[{"@type":"ReadAction","target":["https:\/\/fewo-roesslewald.de\/blog\/"]}]},{"@type":"ImageObject","inLanguage":"en-US","@id":"https:\/\/fewo-roesslewald.de\/blog\/#primaryimage","url":"https:\/\/fewo-roesslewald.de\/wp-content\/uploads\/2022\/11\/Blogbeitrag_5-Freizeitaktivitaeten.jpg","contentUrl":"https:\/\/fewo-roesslewald.de\/wp-content\/uploads\/2022\/11\/Blogbeitrag_5-Freizeitaktivitaeten.jpg","width":1600,"height":600,"caption":"Winteraktivit\u00e4ten in Hinterzarten"},{"@type":"BreadcrumbList","@id":"https:\/\/fewo-roesslewald.de\/blog\/#breadcrumb","itemListElement":[{"@type":"ListItem","position":1,"name":"Startseite","item":"https:\/\/fewo-roesslewald.de\/"},{"@type":"ListItem","position":2,"name":"Blog | Ferienhaus am R\u00f6sslewald in Hinterzarten"}]},{"@type":"WebSite","@id":"https:\/\/fewo-roesslewald.de\/#website","url":"https:\/\/fewo-roesslewald.de\/","name":"Vacation home at the R\u00f6sslewald in Hinterzarten","description":"Vacation in the Black Forest","publisher":{"@id":"https:\/\/fewo-roesslewald.de\/#organization"},"potentialAction":[{"@type":"SearchAction","target":{"@type":"EntryPoint","urlTemplate":"https:\/\/fewo-roesslewald.de\/?s={search_term_string}"},"query-input":{"@type":"PropertyValueSpecification","valueRequired":true,"valueName":"search_term_string"}}],"inLanguage":"en-US"},{"@type":"Organization","@id":"https:\/\/fewo-roesslewald.de\/#organization","name":"Vacation Home R\u00f6sslewald","url":"https:\/\/fewo-roesslewald.de\/","logo":{"@type":"ImageObject","inLanguage":"en-US","@id":"https:\/\/fewo-roesslewald.de\/#\/schema\/logo\/image\/","url":"https:\/\/fewo-roesslewald.de\/wp-content\/uploads\/2022\/09\/cropped-Favicon.png","contentUrl":"https:\/\/fewo-roesslewald.de\/wp-content\/uploads\/2022\/09\/cropped-Favicon.png","width":512,"height":512,"caption":"Ferienhaus am R\u00f6sslewald"},"image":{"@id":"https:\/\/fewo-roesslewald.de\/#\/schema\/logo\/image\/"},"sameAs":["https:\/\/www.facebook.com\/FerienhausamRoesslewald\/","https:\/\/www.instagram.com\/ferienhausamroesslewald\/"]}]}},"_links":{"self":[{"href":"https:\/\/fewo-roesslewald.de\/en\/wp-json\/wp\/v2\/pages\/1595","targetHints":{"allow":["GET"]}}],"collection":[{"href":"https:\/\/fewo-roesslewald.de\/en\/wp-json\/wp\/v2\/pages"}],"about":[{"href":"https:\/\/fewo-roesslewald.de\/en\/wp-json\/wp\/v2\/types\/page"}],"author":[{"embeddable":true,"href":"https:\/\/fewo-roesslewald.de\/en\/wp-json\/wp\/v2\/users\/1"}],"replies":[{"embeddable":true,"href":"https:\/\/fewo-roesslewald.de\/en\/wp-json\/wp\/v2\/comments?post=1595"}],"version-history":[{"count":0,"href":"https:\/\/fewo-roesslewald.de\/en\/wp-json\/wp\/v2\/pages\/1595\/revisions"}],"wp:featuredmedia":[{"embeddable":true,"href":"https:\/\/fewo-roesslewald.de\/en\/wp-json\/wp\/v2\/media\/1560"}],"wp:attachment":[{"href":"https:\/\/fewo-roesslewald.de\/en\/wp-json\/wp\/v2\/media?parent=1595"}],"curies":[{"name":"wp","href":"https:\/\/api.w.org\/{rel}","templated":true}]}}